{"id":4866,"date":"2021-12-17T14:47:58","date_gmt":"2021-12-17T14:47:58","guid":{"rendered":"https:\/\/ferdinand-bader.de\/kontakt\/"},"modified":"2026-04-16T10:09:00","modified_gmt":"2026-04-16T10:09:00","slug":"contact","status":"publish","type":"page","link":"https:\/\/ferdinand-bader.de\/en\/contact\/","title":{"rendered":"contact"},"content":{"rendered":"\t\t<div data-elementor-type=\"wp-page\" data-elementor-id=\"4866\" class=\"elementor elementor-4866 elementor-843\" data-elementor-post-type=\"page\">\n\t\t\t\t\t\t<section class=\"elementor-section elementor-top-section elementor-element elementor-element-9d7a5e5 elementor-section-height-min-height elementor-section-items-top elementor-section-content-top elementor-section-boxed elementor-section-height-default\" data-id=\"9d7a5e5\" data-element_type=\"section\" data-e-type=\"section\" data-settings=\"{&quot;background_background&quot;:&quot;classic&quot;}\">\n\t\t\t\t\t\t<div class=\"elementor-container elementor-column-gap-default\">\n\t\t\t\t\t<div class=\"elementor-column elementor-col-33 elementor-top-column elementor-element elementor-element-efe921d\" data-id=\"efe921d\" data-element_type=\"column\" data-e-type=\"column\">\n\t\t\t<div class=\"elementor-widget-wrap elementor-element-populated\">\n\t\t\t\t\t\t<div class=\"elementor-element elementor-element-b1e0dc2 elementor-widget elementor-widget-spacer\" data-id=\"b1e0dc2\" data-element_type=\"widget\" data-e-type=\"widget\" data-widget_type=\"spacer.default\">\n\t\t\t\t<div class=\"elementor-widget-container\">\n\t\t\t\t\t\t\t<div class=\"elementor-spacer\">\n\t\t\t<div class=\"elementor-spacer-inner\"><\/div>\n\t\t<\/div>\n\t\t\t\t\t\t<\/div>\n\t\t\t\t<\/div>\n\t\t\t\t<div class=\"elementor-element elementor-element-14861c8 grve-elementor-align-left elementor-widget elementor-widget-impeka_title\" data-id=\"14861c8\" data-element_type=\"widget\" data-e-type=\"widget\" data-widget_type=\"impeka_title.default\">\n\t\t\t\t<div class=\"elementor-widget-container\">\n\t\t\t\t\t<h3 class=\"grve-element grve-title grve-h3 grve-text-white\"><span><h4><span style=\"color: #00e196;\">Do you have any questions?<\/span><\/h4><h4><span style=\"color: #ffffff;\"><strong>+49 175 4040299<\/strong><\/span><br \/><a href=\"mailto:fb@ferdinand-bader.de\" target=\"_self\">fb@ferdinand-bader.de<\/a><\/h4><\/span><\/h3>\t\t\t\t<\/div>\n\t\t\t\t<\/div>\n\t\t\t\t<div class=\"elementor-element elementor-element-009a173 grve-elementor-align-left elementor-widget elementor-widget-impeka_social_links\" data-id=\"009a173\" data-element_type=\"widget\" data-e-type=\"widget\" data-widget_type=\"impeka_social_links.default\">\n\t\t\t\t<div class=\"elementor-widget-container\">\n\t\t\t\t\t\t<div id=\"social-links-009a173\" class=\"grve-element grve-social grve-icon-type grve-space-25 grve-icon-extra-large\">\r\n\t\t<ul>\r\n\t\t\t\t\t\t\t\t<li>\r\n\t\t\t\t\t\t\t<a href=\"https:\/\/www.instagram.com\/dergesundheitsexperte\/\" class=\"grve-no-shape\" target=\"_blank\" rel=\"noopener noreferrer\">\r\n\t\t\t\t\t\t\t\t<span class=\"grve-icon grve-text-primary-1 fab fa-instagram\"><\/span>\r\n\t\t\t\t\t\t\t\t<span class=\"screen-reader-text\">Instagram<\/span>\r\n\t\t\t\t\t\t\t<\/a>\r\n\t\t\t\t\t\t<\/li>\r\n\t\t\t\t\t\t\t\t<li>\r\n\t\t\t\t\t\t\t<a href=\"https:\/\/www.linkedin.com\/authwall?trk=bf&#038;trkInfo=AQGUsQxNydrP4gAAAX6HoZ4Yn5vSOXlELYXjH2Kk_nzFp7Baou3GsyOjnC4idVPI60dyTx9h2mE8vbSTywgtXfgDHruhomUTtDDXOYz6GnK8dVWQG_Qcr-eXeDOzYMk-36NIpaE=&#038;originalReferer=&#038;sessionRedirect=https%3A%2F%2Fwww.linkedin.com%2Fin%2Fferdinand-bader%2F\" class=\"grve-no-shape\" target=\"_blank\" rel=\"noopener noreferrer\">\r\n\t\t\t\t\t\t\t\t<span class=\"grve-icon grve-text-primary-1 fab fa-linkedin-in\"><\/span>\r\n\t\t\t\t\t\t\t\t<span class=\"screen-reader-text\">LinkedIn<\/span>\r\n\t\t\t\t\t\t\t<\/a>\r\n\t\t\t\t\t\t<\/li>\r\n\t\t\t\t\t\t\t\t<li>\r\n\t\t\t\t\t\t\t<a href=\"https:\/\/www.xing.com\/profile\/Ferdinand_Bader\/cv\" class=\"grve-no-shape\" target=\"_blank\" rel=\"noopener noreferrer\">\r\n\t\t\t\t\t\t\t\t<span class=\"grve-icon grve-text-primary-1 fab fa-xing\"><\/span>\r\n\t\t\t\t\t\t\t\t<span class=\"screen-reader-text\">XING<\/span>\r\n\t\t\t\t\t\t\t<\/a>\r\n\t\t\t\t\t\t<\/li>\r\n\t\t\t\t<\/ul>\r\n\t<\/div>\r\n\t\t\t\t<\/div>\n\t\t\t\t<\/div>\n\t\t\t\t\t<\/div>\n\t\t<\/div>\n\t\t\t\t<div class=\"elementor-column elementor-col-33 elementor-top-column elementor-element elementor-element-7e5ae01\" data-id=\"7e5ae01\" data-element_type=\"column\" data-e-type=\"column\">\n\t\t\t<div class=\"elementor-widget-wrap elementor-element-populated\">\n\t\t\t\t\t\t<div class=\"elementor-element elementor-element-1800a08 grve-elementor-align-left elementor-widget elementor-widget-impeka_icon\" data-id=\"1800a08\" data-element_type=\"widget\" data-e-type=\"widget\" data-widget_type=\"impeka_icon.default\">\n\t\t\t\t<div class=\"elementor-widget-container\">\n\t\t\t\t\t<div class=\"grve-element grve-single-icon grve-extra-large\"><div class=\"grve-wrapper-icon grve-text-white\"><svg xmlns=\"http:\/\/www.w3.org\/2000\/svg\" xmlns:xlink=\"http:\/\/www.w3.org\/1999\/xlink\" id=\"Ebene_1\" x=\"0px\" y=\"0px\" viewBox=\"0 0 157.7 159.85\" style=\"enable-background:new 0 0 157.7 159.85;\" xml:space=\"preserve\"><style type=\"text\/css\">\t.st0{fill:#FFFFFF;}\t.st1{fill:#00E196;}<\/style><g>\t<path class=\"st0\" d=\"M148.5,78.83c0,20.55-8.81,39.07-22.84,52l2.03,2.79c14.88-13.58,24.24-33.11,24.24-54.8  c0-5.24-0.55-10.34-1.59-15.28l-3.27,1.06C148.01,69.21,148.5,73.96,148.5,78.83L148.5,78.83z\"><\/path>\t<path class=\"st0\" d=\"M7,78.83c0-4.87,0.49-9.62,1.44-14.21l-3.27-1.06C4.12,68.49,3.57,73.6,3.57,78.83  c0,21.68,9.36,41.22,24.24,54.8l2.03-2.79C15.81,117.9,7,99.38,7,78.83L7,78.83z\"><\/path>\t<path class=\"st0\" d=\"M114.63,143.15l-2.02-2.79c-10.3,5.86-22.19,9.22-34.86,9.22c-12.67,0-24.56-3.36-34.86-9.22l-2.02,2.79  c10.87,6.26,23.46,9.86,36.88,9.86C91.17,153.01,103.76,149.41,114.63,143.15L114.63,143.15z\"><\/path>\t<path class=\"st0\" d=\"M13.49,49.27c10.14-21.95,31.2-37.86,56.18-40.71V5.1c-26.5,2.88-48.83,19.78-59.45,43.1L13.49,49.27  L13.49,49.27z\"><\/path>\t<path class=\"st0\" d=\"M142,49.27l3.28-1.06C134.66,24.88,112.33,7.99,85.83,5.1v3.45C110.81,11.41,131.86,27.32,142,49.27L142,49.27  z\"><\/path>\t<polygon class=\"st1\" points=\"85.83,89.86 29.51,71.56 34.5,56.19 69.67,67.62 69.67,30.64 85.83,30.64 85.83,89.86  \"><\/polygon>\t<polygon class=\"st1\" points=\"125.99,71.56 120.99,56.19 85.83,67.62 85.83,30.64 69.67,30.64 69.67,67.62 34.5,56.19 29.51,71.56   64.68,82.99 42.94,112.9 56.02,122.4 77.75,92.49 99.48,122.4 112.56,112.9 90.82,82.99 125.99,71.56  \"><\/polygon><\/g><\/svg><\/div><\/div>\t\t\t\t<\/div>\n\t\t\t\t<\/div>\n\t\t\t\t<div class=\"elementor-element elementor-element-9a451e0 elementor-widget elementor-widget-heading\" data-id=\"9a451e0\" data-element_type=\"widget\" data-e-type=\"widget\" data-widget_type=\"heading.default\">\n\t\t\t\t<div class=\"elementor-widget-container\">\n\t\t\t\t\t<h4 class=\"elementor-heading-title elementor-size-default\">Contact<\/h4>\t\t\t\t<\/div>\n\t\t\t\t<\/div>\n\t\t\t\t<div class=\"elementor-element elementor-element-765b277 elementor-widget elementor-widget-text-editor\" data-id=\"765b277\" data-element_type=\"widget\" data-e-type=\"widget\" data-widget_type=\"text-editor.default\">\n\t\t\t\t<div class=\"elementor-widget-container\">\n\t\t\t\t\t\t\t\t\t<p class=\"font_8\"><span style=\"color: #ffffff;\"><strong>Ferdinand Bader<\/strong><\/span><br \/><span style=\"color: #ffffff;\">Goethestr. 9c<\/span><br \/><span style=\"color: #ffffff;\">83661 Lenggries<\/span><br \/><span style=\"color: #ffffff;\">Germany<\/span><\/p>\t\t\t\t\t\t\t\t<\/div>\n\t\t\t\t<\/div>\n\t\t\t\t\t<\/div>\n\t\t<\/div>\n\t\t\t\t<div class=\"elementor-column elementor-col-33 elementor-top-column elementor-element elementor-element-a1d0026\" data-id=\"a1d0026\" data-element_type=\"column\" data-e-type=\"column\">\n\t\t\t<div class=\"elementor-widget-wrap elementor-element-populated\">\n\t\t\t\t\t\t<div class=\"elementor-element elementor-element-1a64de5 grve-elementor-align-left elementor-widget elementor-widget-impeka_icon\" data-id=\"1a64de5\" data-element_type=\"widget\" data-e-type=\"widget\" data-widget_type=\"impeka_icon.default\">\n\t\t\t\t<div class=\"elementor-widget-container\">\n\t\t\t\t\t<div class=\"grve-element grve-single-icon grve-extra-large\"><div class=\"grve-wrapper-icon grve-text-white\"><svg xmlns=\"http:\/\/www.w3.org\/2000\/svg\" xmlns:xlink=\"http:\/\/www.w3.org\/1999\/xlink\" id=\"Ebene_1\" x=\"0px\" y=\"0px\" viewBox=\"0 0 157.7 159.85\" style=\"enable-background:new 0 0 157.7 159.85;\" xml:space=\"preserve\"><style type=\"text\/css\">\t.st0{fill:#FFFFFF;}\t.st1{fill:#00E196;}<\/style><g>\t<path class=\"st0\" d=\"M148.5,78.83c0,20.55-8.81,39.07-22.84,52l2.03,2.79c14.88-13.58,24.24-33.11,24.24-54.8  c0-5.24-0.55-10.34-1.59-15.28l-3.27,1.06C148.01,69.21,148.5,73.96,148.5,78.83L148.5,78.83z\"><\/path>\t<path class=\"st0\" d=\"M7,78.83c0-4.87,0.49-9.62,1.44-14.21l-3.27-1.06C4.12,68.49,3.57,73.6,3.57,78.83  c0,21.68,9.36,41.22,24.24,54.8l2.03-2.79C15.81,117.9,7,99.38,7,78.83L7,78.83z\"><\/path>\t<path class=\"st0\" d=\"M114.63,143.15l-2.02-2.79c-10.3,5.86-22.19,9.22-34.86,9.22c-12.67,0-24.56-3.36-34.86-9.22l-2.02,2.79  c10.87,6.26,23.46,9.86,36.88,9.86C91.17,153.01,103.76,149.41,114.63,143.15L114.63,143.15z\"><\/path>\t<path class=\"st0\" d=\"M13.49,49.27c10.14-21.95,31.2-37.86,56.18-40.71V5.1c-26.5,2.88-48.83,19.78-59.45,43.1L13.49,49.27  L13.49,49.27z\"><\/path>\t<path class=\"st0\" d=\"M142,49.27l3.28-1.06C134.66,24.88,112.33,7.99,85.83,5.1v3.45C110.81,11.41,131.86,27.32,142,49.27L142,49.27  z\"><\/path>\t<polygon class=\"st1\" points=\"85.83,89.86 29.51,71.56 34.5,56.19 69.67,67.62 69.67,30.64 85.83,30.64 85.83,89.86  \"><\/polygon>\t<polygon class=\"st1\" points=\"125.99,71.56 120.99,56.19 85.83,67.62 85.83,30.64 69.67,30.64 69.67,67.62 34.5,56.19 29.51,71.56   64.68,82.99 42.94,112.9 56.02,122.4 77.75,92.49 99.48,122.4 112.56,112.9 90.82,82.99 125.99,71.56  \"><\/polygon><\/g><\/svg><\/div><\/div>\t\t\t\t<\/div>\n\t\t\t\t<\/div>\n\t\t\t\t<div class=\"elementor-element elementor-element-c4cedad elementor-widget elementor-widget-heading\" data-id=\"c4cedad\" data-element_type=\"widget\" data-e-type=\"widget\" data-widget_type=\"heading.default\">\n\t\t\t\t<div class=\"elementor-widget-container\">\n\t\t\t\t\t<h4 class=\"elementor-heading-title elementor-size-default\">Practice<\/h4>\t\t\t\t<\/div>\n\t\t\t\t<\/div>\n\t\t\t\t<div class=\"elementor-element elementor-element-82928af elementor-widget elementor-widget-text-editor\" data-id=\"82928af\" data-element_type=\"widget\" data-e-type=\"widget\" data-widget_type=\"text-editor.default\">\n\t\t\t\t<div class=\"elementor-widget-container\">\n\t\t\t\t\t\t\t\t\t<p class=\"font_8\"><span style=\"color: #ffffff;\"><strong>Medicenter S\u00fcd<\/strong><\/span><br \/><span style=\"color: #ffffff;\">Dr. Schwarzl <\/span><br \/><span style=\"color: #ffffff;\">centre for holistic medicine<\/span><\/p><p><span style=\"color: #ffffff;\">Gewerbestra\u00dfe 17<\/span><br \/><span style=\"color: #ffffff;\">82064 Stra\u00dflach<\/span><br \/><span style=\"color: #ffffff;\">Germany<\/span><\/p>\t\t\t\t\t\t\t\t<\/div>\n\t\t\t\t<\/div>\n\t\t\t\t\t<\/div>\n\t\t<\/div>\n\t\t\t\t\t<\/div>\n\t\t<\/section>\n\t\t\t\t<\/div>\n\t\t","protected":false},"excerpt":{"rendered":"<p>Do you have any questions? +49 175 4040299fb@ferdinand-bader.de Instagram LinkedIn XING Contact Ferdinand BaderGoethestr. 9c83661 LenggriesGermany Practice Medicenter S\u00fcdDr. Schwarzl centre for holistic medicine Gewerbestra\u00dfe 1782064 Stra\u00dflachGermany<\/p>\n","protected":false},"author":1,"featured_media":0,"parent":0,"menu_order":0,"comment_status":"closed","ping_status":"closed","template":"","meta":{"inline_featured_image":false,"footnotes":""},"class_list":["post-4866","page","type-page","status-publish","hentry","grve-entry-item"],"yoast_head":"<!-- This site is optimized with the Yoast SEO plugin v27.4 - https:\/\/yoast.com\/product\/yoast-seo-wordpress\/ -->\n<title>contact - Ferdinand Bader<\/title>\n<meta name=\"description\" content=\"Finden Sie Ihren Weg zum gesunden Leben. Rufen Sie an oder schreiben Sie eine Nachricht an Ferdinand Bader.\" \/>\n<meta name=\"robots\" content=\"index, follow, max-snippet:-1, max-image-preview:large, max-video-preview:-1\" \/>\n<link rel=\"canonical\" href=\"https:\/\/ferdinand-bader.de\/en\/contact\/\" \/>\n<meta property=\"og:locale\" content=\"en_US\" \/>\n<meta property=\"og:type\" content=\"article\" \/>\n<meta property=\"og:title\" content=\"contact - Ferdinand Bader\" \/>\n<meta property=\"og:description\" content=\"Finden Sie Ihren Weg zum gesunden Leben. Rufen Sie an oder schreiben Sie eine Nachricht an Ferdinand Bader.\" \/>\n<meta property=\"og:url\" content=\"https:\/\/ferdinand-bader.de\/en\/contact\/\" \/>\n<meta property=\"og:site_name\" content=\"Ferdinand Bader\" \/>\n<meta property=\"article:modified_time\" content=\"2026-04-16T10:09:00+00:00\" \/>\n<meta name=\"twitter:card\" content=\"summary_large_image\" \/>\n<meta name=\"twitter:label1\" content=\"Est. reading time\" \/>\n\t<meta name=\"twitter:data1\" content=\"1 minute\" \/>\n<script type=\"application\/ld+json\" class=\"yoast-schema-graph\">{\"@context\":\"https:\\\/\\\/schema.org\",\"@graph\":[{\"@type\":\"WebPage\",\"@id\":\"https:\\\/\\\/ferdinand-bader.de\\\/en\\\/contact\\\/\",\"url\":\"https:\\\/\\\/ferdinand-bader.de\\\/en\\\/contact\\\/\",\"name\":\"contact - Ferdinand Bader\",\"isPartOf\":{\"@id\":\"https:\\\/\\\/ferdinand-bader.de\\\/en\\\/#website\"},\"datePublished\":\"2021-12-17T14:47:58+00:00\",\"dateModified\":\"2026-04-16T10:09:00+00:00\",\"description\":\"Finden Sie Ihren Weg zum gesunden Leben. Rufen Sie an oder schreiben Sie eine Nachricht an Ferdinand Bader.\",\"breadcrumb\":{\"@id\":\"https:\\\/\\\/ferdinand-bader.de\\\/en\\\/contact\\\/#breadcrumb\"},\"inLanguage\":\"en-US\",\"potentialAction\":[{\"@type\":\"ReadAction\",\"target\":[\"https:\\\/\\\/ferdinand-bader.de\\\/en\\\/contact\\\/\"]}]},{\"@type\":\"BreadcrumbList\",\"@id\":\"https:\\\/\\\/ferdinand-bader.de\\\/en\\\/contact\\\/#breadcrumb\",\"itemListElement\":[{\"@type\":\"ListItem\",\"position\":1,\"name\":\"Startseite\",\"item\":\"https:\\\/\\\/ferdinand-bader.de\\\/en\\\/\"},{\"@type\":\"ListItem\",\"position\":2,\"name\":\"contact\"}]},{\"@type\":\"WebSite\",\"@id\":\"https:\\\/\\\/ferdinand-bader.de\\\/en\\\/#website\",\"url\":\"https:\\\/\\\/ferdinand-bader.de\\\/en\\\/\",\"name\":\"Ferdinand Bader\",\"description\":\"Der Gesundheitsexperte f\u00fcr Leistungstr\u00e4ger\",\"potentialAction\":[{\"@type\":\"SearchAction\",\"target\":{\"@type\":\"EntryPoint\",\"urlTemplate\":\"https:\\\/\\\/ferdinand-bader.de\\\/en\\\/?s={search_term_string}\"},\"query-input\":{\"@type\":\"PropertyValueSpecification\",\"valueRequired\":true,\"valueName\":\"search_term_string\"}}],\"inLanguage\":\"en-US\"}]}<\/script>\n<!-- \/ Yoast SEO plugin. -->","yoast_head_json":{"title":"contact - Ferdinand Bader","description":"Finden Sie Ihren Weg zum gesunden Leben. Rufen Sie an oder schreiben Sie eine Nachricht an Ferdinand Bader.","robots":{"index":"index","follow":"follow","max-snippet":"max-snippet:-1","max-image-preview":"max-image-preview:large","max-video-preview":"max-video-preview:-1"},"canonical":"https:\/\/ferdinand-bader.de\/en\/contact\/","og_locale":"en_US","og_type":"article","og_title":"contact - Ferdinand Bader","og_description":"Finden Sie Ihren Weg zum gesunden Leben. Rufen Sie an oder schreiben Sie eine Nachricht an Ferdinand Bader.","og_url":"https:\/\/ferdinand-bader.de\/en\/contact\/","og_site_name":"Ferdinand Bader","article_modified_time":"2026-04-16T10:09:00+00:00","twitter_card":"summary_large_image","twitter_misc":{"Est. reading time":"1 minute"},"schema":{"@context":"https:\/\/schema.org","@graph":[{"@type":"WebPage","@id":"https:\/\/ferdinand-bader.de\/en\/contact\/","url":"https:\/\/ferdinand-bader.de\/en\/contact\/","name":"contact - Ferdinand Bader","isPartOf":{"@id":"https:\/\/ferdinand-bader.de\/en\/#website"},"datePublished":"2021-12-17T14:47:58+00:00","dateModified":"2026-04-16T10:09:00+00:00","description":"Finden Sie Ihren Weg zum gesunden Leben. Rufen Sie an oder schreiben Sie eine Nachricht an Ferdinand Bader.","breadcrumb":{"@id":"https:\/\/ferdinand-bader.de\/en\/contact\/#breadcrumb"},"inLanguage":"en-US","potentialAction":[{"@type":"ReadAction","target":["https:\/\/ferdinand-bader.de\/en\/contact\/"]}]},{"@type":"BreadcrumbList","@id":"https:\/\/ferdinand-bader.de\/en\/contact\/#breadcrumb","itemListElement":[{"@type":"ListItem","position":1,"name":"Startseite","item":"https:\/\/ferdinand-bader.de\/en\/"},{"@type":"ListItem","position":2,"name":"contact"}]},{"@type":"WebSite","@id":"https:\/\/ferdinand-bader.de\/en\/#website","url":"https:\/\/ferdinand-bader.de\/en\/","name":"Ferdinand Bader","description":"Der Gesundheitsexperte f\u00fcr Leistungstr\u00e4ger","potentialAction":[{"@type":"SearchAction","target":{"@type":"EntryPoint","urlTemplate":"https:\/\/ferdinand-bader.de\/en\/?s={search_term_string}"},"query-input":{"@type":"PropertyValueSpecification","valueRequired":true,"valueName":"search_term_string"}}],"inLanguage":"en-US"}]}},"_links":{"self":[{"href":"https:\/\/ferdinand-bader.de\/en\/wp-json\/wp\/v2\/pages\/4866","targetHints":{"allow":["GET"]}}],"collection":[{"href":"https:\/\/ferdinand-bader.de\/en\/wp-json\/wp\/v2\/pages"}],"about":[{"href":"https:\/\/ferdinand-bader.de\/en\/wp-json\/wp\/v2\/types\/page"}],"author":[{"embeddable":true,"href":"https:\/\/ferdinand-bader.de\/en\/wp-json\/wp\/v2\/users\/1"}],"replies":[{"embeddable":true,"href":"https:\/\/ferdinand-bader.de\/en\/wp-json\/wp\/v2\/comments?post=4866"}],"version-history":[{"count":24,"href":"https:\/\/ferdinand-bader.de\/en\/wp-json\/wp\/v2\/pages\/4866\/revisions"}],"predecessor-version":[{"id":5771,"href":"https:\/\/ferdinand-bader.de\/en\/wp-json\/wp\/v2\/pages\/4866\/revisions\/5771"}],"wp:attachment":[{"href":"https:\/\/ferdinand-bader.de\/en\/wp-json\/wp\/v2\/media?parent=4866"}],"curies":[{"name":"wp","href":"https:\/\/api.w.org\/{rel}","templated":true}]}}